{"id":62,"date":"2015-03-17T17:34:54","date_gmt":"2015-03-17T16:34:54","guid":{"rendered":"https:\/\/ugis.it\/cms\/?page_id=62"},"modified":"2021-11-25T17:04:54","modified_gmt":"2021-11-25T16:04:54","slug":"storia-dellugis","status":"publish","type":"page","link":"https:\/\/ugis.it\/cms\/ugis\/storia-dellugis\/","title":{"rendered":"Storia dell&#8217;UGIS"},"content":{"rendered":"<p><strong><span style=\"color: #000000;\">1966: \u00a0<\/span><\/strong>il 22 luglio viene firmato l\u2019atto costitutivo dell\u2019UGIS<br \/>\n<span style=\"color: #000000;\"><strong>1966-76<\/strong>:<\/span>\u00a0 il decennio dell\u2019avviamento<br \/>\n<strong><span style=\"color: #000000;\">1971: \u00a0<\/span><\/strong>l\u20198 marzo a Bruxelles viene costituita EUSJA (European Union of Science Journalists\u2019 Associations)<br \/>\n<span style=\"color: #000000;\"><strong>1977-1988:\u00a0<\/strong><\/span> 5 edizioni dell\u2019Annuario EUSJA grazie al contributo Finmeccanica<br \/>\n<span style=\"color: #000000;\"><strong>1976-1993:\u00a0<\/strong><\/span> dieci edizioni del premio giornalistico Glaxo per la divulgazione scientifica<br \/>\n<span style=\"color: #000000;\"><strong>1988:\u00a0<\/strong><\/span> prima edizione delll\u2019Annuario UGIS<br \/>\n<span style=\"color: #000000;\"><strong>1988:\u00a0<\/strong><\/span> Science and technology in Italy: 50 giornalisti EUSJA invitati da UGIS visitano infrastrutture di ricerca italiane<br \/>\n<span style=\"color: #000000;\"><strong>1988-2004:<\/strong><\/span>\u00a0 25 borse di studio per giovani giornalisti<br \/>\n<span style=\"color: #000000;\"><strong>1993:\u00a0<\/strong><\/span> muore il socio Bellometti, che lascia parte del patrimonio all\u2019UGIS<br \/>\n<span style=\"color: #000000;\"><strong>1997-2010:<\/strong><\/span> varie edizioni del premio Voltolino per la divulgazione scientifica con il contributo della Biogen di Pisa<br \/>\n<span style=\"color: #000000;\"><strong>1999:<\/strong><\/span> avvio del programma dei viaggi di studio all\u2019estero<br \/>\n<span style=\"color: #000000;\"><strong>2000:<\/strong><\/span> parte il Science Writters Award con la Giovanni Armenise Harvard Foundation: 2 giornalisti all\u2019anno seguono il corso all\u2019Harvard Medical School di Boston (25 borse assegnate fino al 2012)<br \/>\n<strong><span style=\"color: #000000;\">2002:<\/span><\/strong> UGIS partecipa alla fondazione della WFSJ (World Federation of Science Journalists)<br \/>\n<span style=\"color: #000000;\"><strong>2010:<\/strong><\/span> nasce il Premio Leonardo-UGIS assegnato dall\u2019Unione assieme al Museo nazionale della scienza e della tecnologia Leonardo da Vinci ad un giovane ricercatore impegnato anche nella divulgazione scientifica e a uno scienziato di chiara fama<br \/>\n<strong><span style=\"color: #000000;\">2015:<\/span><\/strong> istituito il fondo per 3 borse di studio Paola de Paoli, da assegnare la prima nel 2015 e le altre due nel 2016<br \/>\n<strong><span style=\"color: #000000;\">2016:<\/span><\/strong> programma del Cinquantenario UGIS<br \/>\n<strong><span style=\"color: #000000;\">2018:<\/span><\/strong> nasce il Manifesto di Piacenza di UGIS e il laboratorio di formazione con la Fondazione Ordine dei Giornalisti dell&#8217;Emilia-Romagna<br \/>\n<strong><span style=\"color: #000000;\">2019:<\/span><\/strong> nasce il Premio UGIS &#8220;Paola De Paoli- Camillo Marchetti&#8221;<br \/>\n<strong><span style=\"color: #000000;\">2020:<\/span><\/strong> ll Consiglio Nazionale dell&#8217;Ordine dei Giornalisti ha integrato il \u201cTesto Unico dei Doveri del Giornalista\u201d all&#8217;art. 6, sull&#8217;informazione scientifica e sanitaria, con le indicazioni elaborate nel Manifesto di Piacenza<br \/>\n<strong><span style=\"color: #000000;\">2021:<\/span><\/strong> Continuano le giornate di studio e formazione a Cortina D&#8217;Ampezzo e a Piacenza<\/p>\n<p>&nbsp;<\/p>\n<h3><span style=\"color: #000000;\">La storia dell&#8217;UGIS raccontata dal Presidente Emerito\u00a0Paola de Paoli<\/span><\/h3>\n<p style=\"text-align: justify;\"><em><a href=\"https:\/\/ugis.it\/cms\/wp-content\/uploads\/2015\/03\/storia_ugis.jpg\"><img loading=\"lazy\" decoding=\"async\" class=\"size-full wp-image-201 alignleft\" src=\"https:\/\/ugis.it\/cms\/wp-content\/uploads\/2015\/03\/storia_ugis.jpg\" alt=\"\" width=\"201\" height=\"233\" \/><\/a><\/em><em>Ho chiesto a Paola de Paoli, Presidente Emerito, di raccontarci la nostra storia, la storia dell\u2019UGIS. Paola l\u2019ha vissuta sin dai primi giorni condividendo con Giancarlo Masini l\u2019idea e la voglia di materializzare un sogno. Ci sono riusciti. Altri colleghi lo condivisero e cos\u00ec l\u2019Unione divent\u00f2 un punto di riferimento importante per un Paese dove la scienza era vista pi\u00f9 come un miracolo che un mondo nel quale impegnarci per crescere meglio. Il tempo \u00e8 trascorso, le iniziative sono state numerose, interessanti e preziose per il nostro lavoro. Il tempo, scorrendo, ci ha portato via degli amici che non dimentichiamo. Il tempo passato, per\u00f2, \u00e8 solo la prima parte di una storia. Ora la scopriremo o rivivremo attraverso le parole e i ricordi di Paola. Cos\u00ec capiremo quanto sia importante continuarla, con entusiasmo.<\/em><br \/>\n<em>Grazie Paola e buon lavoro.<\/em><br \/>\n<em>Giovanni Caprara<\/em><\/p>\n<p><a href=\"https:\/\/ugis.it\/cms\/wp-content\/uploads\/2015\/03\/Storia_ugis_primaparte.pdf\" target=\"_blank\" rel=\"noopener noreferrer\">Storia dell&#8217;UGIS &#8211; parte prima <\/a><br \/>\n<a href=\"https:\/\/ugis.it\/cms\/wp-content\/uploads\/2015\/03\/storiaUGIS_secondaparte.pdf\">Storia dell&#8217;UGIS &#8211; parte seconda<\/a><\/p>\n","protected":false},"excerpt":{"rendered":"<p>1966: \u00a0il 22 luglio viene firmato l\u2019atto costitutivo dell\u2019UGIS 1966-76:\u00a0 il decennio dell\u2019avviamento 1971: \u00a0l\u20198 marzo a Bruxelles viene costituita EUSJA (European Union of Science Journalists\u2019 Associations) 1977-1988:\u00a0 5 edizioni dell\u2019Annuario EUSJA grazie al contributo Finmeccanica 1976-1993:\u00a0 dieci edizioni del premio giornalistico Glaxo per la divulgazione scientifica 1988:\u00a0 prima edizione delll\u2019Annuario UGIS 1988:\u00a0 Science and [&hellip;]<\/p>\n","protected":false},"author":6,"featured_media":0,"parent":55,"menu_order":0,"comment_status":"open","ping_status":"open","template":"","meta":{"_et_pb_use_builder":"off","_et_pb_old_content":"<p><span class=\"style174\">Ho chiesto a Paola De Paoli, Presidente Emerito, di raccontarci la nostra storia, la storia dell\u2019UGIS. Paola l\u2019ha vissuta sin dai primi giorni condividendo con Giancarlo Masini l\u2019idea e la voglia di materializzare un sogno. Ci sono riusciti. Altri colleghi lo condivisero e cos\u00ec l\u2019Unione divent\u00f2 un punto di riferimento importante per un Paese dove la scienza era vista pi\u00f9 come un miracolo che un mondo nel quale impegnarci per crescere meglio. Il tempo \u00e8 trascorso, le iniziative sono state numerose, interessanti e preziose per il nostro lavoro. Il tempo, scorrendo, ci ha portato via degli amici che non dimentichiamo. Il tempo passato, per\u00f2, \u00e8 solo la prima parte di una storia. Ora la scopriremo o rivivremo attraverso le parole e i ricordi di Paola. Cos\u00ec capiremo quanto sia importante continuarla, con entusiasmo. <\/span><br \/><em><br \/><\/em><span class=\"style175\"><em>Grazie Paola e buon lavoro.<br \/>Giovanni Caprara <\/em><br \/><br \/><\/span><span class=\"style173\"><a class=\"style47\" href=\"https:\/\/www.ugis.it\/documenti\/Storia_ugis_primaparte.pdf\">Storia dell'UGIS parte prima<\/a><\/span><br \/><span class=\"style173\"><a class=\"style47\" href=\"https:\/\/www.ugis.it\/documenti\/storiaUGIS_secondaparte.pdf\">Storia dell'UGIS parte seconda<\/a><\/span><\/p>","_et_gb_content_width":"","footnotes":""},"class_list":["post-62","page","type-page","status-publish","hentry"],"yoast_head":"<!-- This site is optimized with the Yoast SEO plugin v27.2 - https:\/\/yoast.com\/product\/yoast-seo-wordpress\/ -->\n<title>Storia dell&#039;UGIS - UGIS<\/title>\n<meta name=\"robots\" content=\"index, follow, max-snippet:-1, max-image-preview:large, max-video-preview:-1\" \/>\n<link rel=\"canonical\" href=\"https:\/\/ugis.it\/cms\/ugis\/storia-dellugis\/\" \/>\n<meta property=\"og:locale\" content=\"it_IT\" \/>\n<meta property=\"og:type\" content=\"article\" \/>\n<meta property=\"og:title\" content=\"Storia dell&#039;UGIS - UGIS\" \/>\n<meta property=\"og:description\" content=\"1966: \u00a0il 22 luglio viene firmato l\u2019atto costitutivo dell\u2019UGIS 1966-76:\u00a0 il decennio dell\u2019avviamento 1971: \u00a0l\u20198 marzo a Bruxelles viene costituita EUSJA (European Union of Science Journalists\u2019 Associations) 1977-1988:\u00a0 5 edizioni dell\u2019Annuario EUSJA grazie al contributo Finmeccanica 1976-1993:\u00a0 dieci edizioni del premio giornalistico Glaxo per la divulgazione scientifica 1988:\u00a0 prima edizione delll\u2019Annuario UGIS 1988:\u00a0 Science and [&hellip;]\" \/>\n<meta property=\"og:url\" content=\"https:\/\/ugis.it\/cms\/ugis\/storia-dellugis\/\" \/>\n<meta property=\"og:site_name\" content=\"UGIS\" \/>\n<meta property=\"article:modified_time\" content=\"2021-11-25T16:04:54+00:00\" \/>\n<meta property=\"og:image\" content=\"https:\/\/ugis.it\/cms\/wp-content\/uploads\/2015\/03\/storia_ugis.jpg\" \/>\n<meta name=\"twitter:card\" content=\"summary_large_image\" \/>\n<meta name=\"twitter:label1\" content=\"Tempo di lettura stimato\" \/>\n\t<meta name=\"twitter:data1\" content=\"2 minuti\" \/>\n<script type=\"application\/ld+json\" class=\"yoast-schema-graph\">{\"@context\":\"https:\/\/schema.org\",\"@graph\":[{\"@type\":\"WebPage\",\"@id\":\"https:\/\/ugis.it\/cms\/ugis\/storia-dellugis\/\",\"url\":\"https:\/\/ugis.it\/cms\/ugis\/storia-dellugis\/\",\"name\":\"Storia dell'UGIS - UGIS\",\"isPartOf\":{\"@id\":\"https:\/\/ugis.it\/cms\/#website\"},\"primaryImageOfPage\":{\"@id\":\"https:\/\/ugis.it\/cms\/ugis\/storia-dellugis\/#primaryimage\"},\"image\":{\"@id\":\"https:\/\/ugis.it\/cms\/ugis\/storia-dellugis\/#primaryimage\"},\"thumbnailUrl\":\"https:\/\/ugis.it\/cms\/wp-content\/uploads\/2015\/03\/storia_ugis.jpg\",\"datePublished\":\"2015-03-17T16:34:54+00:00\",\"dateModified\":\"2021-11-25T16:04:54+00:00\",\"breadcrumb\":{\"@id\":\"https:\/\/ugis.it\/cms\/ugis\/storia-dellugis\/#breadcrumb\"},\"inLanguage\":\"it-IT\",\"potentialAction\":[{\"@type\":\"ReadAction\",\"target\":[\"https:\/\/ugis.it\/cms\/ugis\/storia-dellugis\/\"]}]},{\"@type\":\"ImageObject\",\"inLanguage\":\"it-IT\",\"@id\":\"https:\/\/ugis.it\/cms\/ugis\/storia-dellugis\/#primaryimage\",\"url\":\"https:\/\/ugis.it\/cms\/wp-content\/uploads\/2015\/03\/storia_ugis.jpg\",\"contentUrl\":\"https:\/\/ugis.it\/cms\/wp-content\/uploads\/2015\/03\/storia_ugis.jpg\"},{\"@type\":\"BreadcrumbList\",\"@id\":\"https:\/\/ugis.it\/cms\/ugis\/storia-dellugis\/#breadcrumb\",\"itemListElement\":[{\"@type\":\"ListItem\",\"position\":1,\"name\":\"Home\",\"item\":\"https:\/\/ugis.it\/cms\/\"},{\"@type\":\"ListItem\",\"position\":2,\"name\":\"Cosa \u00e8 l&#8217;UGIS\",\"item\":\"https:\/\/ugis.it\/cms\/ugis\/\"},{\"@type\":\"ListItem\",\"position\":3,\"name\":\"Storia dell&#8217;UGIS\"}]},{\"@type\":\"WebSite\",\"@id\":\"https:\/\/ugis.it\/cms\/#website\",\"url\":\"https:\/\/ugis.it\/cms\/\",\"name\":\"UGIS\",\"description\":\"Unione Giornalisti Italiani Scientifici\",\"publisher\":{\"@id\":\"https:\/\/ugis.it\/cms\/#organization\"},\"potentialAction\":[{\"@type\":\"SearchAction\",\"target\":{\"@type\":\"EntryPoint\",\"urlTemplate\":\"https:\/\/ugis.it\/cms\/?s={search_term_string}\"},\"query-input\":{\"@type\":\"PropertyValueSpecification\",\"valueRequired\":true,\"valueName\":\"search_term_string\"}}],\"inLanguage\":\"it-IT\"},{\"@type\":\"Organization\",\"@id\":\"https:\/\/ugis.it\/cms\/#organization\",\"name\":\"UGIS\",\"url\":\"https:\/\/ugis.it\/cms\/\",\"logo\":{\"@type\":\"ImageObject\",\"inLanguage\":\"it-IT\",\"@id\":\"https:\/\/ugis.it\/cms\/#\/schema\/logo\/image\/\",\"url\":\"https:\/\/ugis.it\/cms\/wp-content\/uploads\/2015\/04\/logo-UGIS_colori.jpg\",\"contentUrl\":\"https:\/\/ugis.it\/cms\/wp-content\/uploads\/2015\/04\/logo-UGIS_colori.jpg\",\"width\":198,\"height\":91,\"caption\":\"UGIS\"},\"image\":{\"@id\":\"https:\/\/ugis.it\/cms\/#\/schema\/logo\/image\/\"}}]}<\/script>\n<!-- \/ Yoast SEO plugin. -->","yoast_head_json":{"title":"Storia dell'UGIS - UGIS","robots":{"index":"index","follow":"follow","max-snippet":"max-snippet:-1","max-image-preview":"max-image-preview:large","max-video-preview":"max-video-preview:-1"},"canonical":"https:\/\/ugis.it\/cms\/ugis\/storia-dellugis\/","og_locale":"it_IT","og_type":"article","og_title":"Storia dell'UGIS - UGIS","og_description":"1966: \u00a0il 22 luglio viene firmato l\u2019atto costitutivo dell\u2019UGIS 1966-76:\u00a0 il decennio dell\u2019avviamento 1971: \u00a0l\u20198 marzo a Bruxelles viene costituita EUSJA (European Union of Science Journalists\u2019 Associations) 1977-1988:\u00a0 5 edizioni dell\u2019Annuario EUSJA grazie al contributo Finmeccanica 1976-1993:\u00a0 dieci edizioni del premio giornalistico Glaxo per la divulgazione scientifica 1988:\u00a0 prima edizione delll\u2019Annuario UGIS 1988:\u00a0 Science and [&hellip;]","og_url":"https:\/\/ugis.it\/cms\/ugis\/storia-dellugis\/","og_site_name":"UGIS","article_modified_time":"2021-11-25T16:04:54+00:00","og_image":[{"url":"https:\/\/ugis.it\/cms\/wp-content\/uploads\/2015\/03\/storia_ugis.jpg","type":"","width":"","height":""}],"twitter_card":"summary_large_image","twitter_misc":{"Tempo di lettura stimato":"2 minuti"},"schema":{"@context":"https:\/\/schema.org","@graph":[{"@type":"WebPage","@id":"https:\/\/ugis.it\/cms\/ugis\/storia-dellugis\/","url":"https:\/\/ugis.it\/cms\/ugis\/storia-dellugis\/","name":"Storia dell'UGIS - UGIS","isPartOf":{"@id":"https:\/\/ugis.it\/cms\/#website"},"primaryImageOfPage":{"@id":"https:\/\/ugis.it\/cms\/ugis\/storia-dellugis\/#primaryimage"},"image":{"@id":"https:\/\/ugis.it\/cms\/ugis\/storia-dellugis\/#primaryimage"},"thumbnailUrl":"https:\/\/ugis.it\/cms\/wp-content\/uploads\/2015\/03\/storia_ugis.jpg","datePublished":"2015-03-17T16:34:54+00:00","dateModified":"2021-11-25T16:04:54+00:00","breadcrumb":{"@id":"https:\/\/ugis.it\/cms\/ugis\/storia-dellugis\/#breadcrumb"},"inLanguage":"it-IT","potentialAction":[{"@type":"ReadAction","target":["https:\/\/ugis.it\/cms\/ugis\/storia-dellugis\/"]}]},{"@type":"ImageObject","inLanguage":"it-IT","@id":"https:\/\/ugis.it\/cms\/ugis\/storia-dellugis\/#primaryimage","url":"https:\/\/ugis.it\/cms\/wp-content\/uploads\/2015\/03\/storia_ugis.jpg","contentUrl":"https:\/\/ugis.it\/cms\/wp-content\/uploads\/2015\/03\/storia_ugis.jpg"},{"@type":"BreadcrumbList","@id":"https:\/\/ugis.it\/cms\/ugis\/storia-dellugis\/#breadcrumb","itemListElement":[{"@type":"ListItem","position":1,"name":"Home","item":"https:\/\/ugis.it\/cms\/"},{"@type":"ListItem","position":2,"name":"Cosa \u00e8 l&#8217;UGIS","item":"https:\/\/ugis.it\/cms\/ugis\/"},{"@type":"ListItem","position":3,"name":"Storia dell&#8217;UGIS"}]},{"@type":"WebSite","@id":"https:\/\/ugis.it\/cms\/#website","url":"https:\/\/ugis.it\/cms\/","name":"UGIS","description":"Unione Giornalisti Italiani Scientifici","publisher":{"@id":"https:\/\/ugis.it\/cms\/#organization"},"potentialAction":[{"@type":"SearchAction","target":{"@type":"EntryPoint","urlTemplate":"https:\/\/ugis.it\/cms\/?s={search_term_string}"},"query-input":{"@type":"PropertyValueSpecification","valueRequired":true,"valueName":"search_term_string"}}],"inLanguage":"it-IT"},{"@type":"Organization","@id":"https:\/\/ugis.it\/cms\/#organization","name":"UGIS","url":"https:\/\/ugis.it\/cms\/","logo":{"@type":"ImageObject","inLanguage":"it-IT","@id":"https:\/\/ugis.it\/cms\/#\/schema\/logo\/image\/","url":"https:\/\/ugis.it\/cms\/wp-content\/uploads\/2015\/04\/logo-UGIS_colori.jpg","contentUrl":"https:\/\/ugis.it\/cms\/wp-content\/uploads\/2015\/04\/logo-UGIS_colori.jpg","width":198,"height":91,"caption":"UGIS"},"image":{"@id":"https:\/\/ugis.it\/cms\/#\/schema\/logo\/image\/"}}]}},"_links":{"self":[{"href":"https:\/\/ugis.it\/cms\/wp-json\/wp\/v2\/pages\/62","targetHints":{"allow":["GET"]}}],"collection":[{"href":"https:\/\/ugis.it\/cms\/wp-json\/wp\/v2\/pages"}],"about":[{"href":"https:\/\/ugis.it\/cms\/wp-json\/wp\/v2\/types\/page"}],"author":[{"embeddable":true,"href":"https:\/\/ugis.it\/cms\/wp-json\/wp\/v2\/users\/6"}],"replies":[{"embeddable":true,"href":"https:\/\/ugis.it\/cms\/wp-json\/wp\/v2\/comments?post=62"}],"version-history":[{"count":0,"href":"https:\/\/ugis.it\/cms\/wp-json\/wp\/v2\/pages\/62\/revisions"}],"up":[{"embeddable":true,"href":"https:\/\/ugis.it\/cms\/wp-json\/wp\/v2\/pages\/55"}],"wp:attachment":[{"href":"https:\/\/ugis.it\/cms\/wp-json\/wp\/v2\/media?parent=62"}],"curies":[{"name":"wp","href":"https:\/\/api.w.org\/{rel}","templated":true}]}}