{"id":55,"date":"2015-03-17T17:27:36","date_gmt":"2015-03-17T16:27:36","guid":{"rendered":"https:\/\/ugis.it\/cms\/?page_id=55"},"modified":"2020-07-31T15:28:25","modified_gmt":"2020-07-31T13:28:25","slug":"ugis","status":"publish","type":"page","link":"https:\/\/ugis.it\/cms\/ugis\/","title":{"rendered":"Cosa \u00e8 l&#8217;UGIS"},"content":{"rendered":"<p>Fondata nel 1966, l\u2019UGIS \u2013 Unione giornalisti\u00a0Italiani scientifici\u00a0\u00e8 un\u2019associazione senza scopo\u00a0di lucro, giuridicamente riconosciuta, indipendente da governi, istituzioni, enti, societ\u00e0 pubbliche e private. Ha lo scopo di favorire la divulgazione scientifica e tecnica in Italia attraverso i media, favorendo l\u2019aggiornamento professionale dei soci (giornalisti iscritti all\u2019Ordine), professionalmente impegnati nell\u2019ambito dell\u2019informazione scientifica attraverso quotidiani, periodici, radio, televisione e pubblicazioni online.<\/p>\n<p>L\u2019UGIS attua la sua attivit\u00e0 autofinanziandosi con le quote sociali versate dagli iscritti o grazie a contributi e donazioni. Promuove convegni, seminari e giornate di studio; incontri con scienziati e ricercatori italiani e stranieri; organizza visite presso laboratori, centri di ricerca, complessi industriali in Italia e all\u2019estero.<\/p>\n<p>L\u2019UGIS \u00e8 tra i soci promotori di EUSJA (European Union of Science Journalists\u2019 Associations con sede a Strasburgo) fondata nel 1971, e di WFSJ (World Federation of Science Journalists).<\/p>\n<p>Lo Statuto dell\u2019UGIS, approvato dall\u2019Assemblea dei soci del 25 ottobre 2019, apre anche ai non giornalisti grazie alla creazione dell\u2019Elenco speciale Amici dell\u2019UGIS. Pertanto possono chiedere di essere inseriti nell\u2019elenco dell\u2019Unione anche i non iscritti all\u2019Ordine dei giornalisti o alle Associazioni regionali della stampa, purch\u00e9 svolgano la propria attivit\u00e0 con comprovata esperienza e professionalit\u00e0 nell\u2019ambito della comunicazione e divulgazione scientifica e tecnologica.<\/p>\n<p>Possono partecipare alla vita culturale, agli eventi, alle visite tecniche organizzate dall\u2019Unione sia in Italia che all\u2019estero nella stessa misura dei soci effettivi, compatibilmente con le disponibilit\u00e0 di posti e sostenendo i costi stabiliti dal Direttivo. Sono anche invitati a partecipare ai corsi di formazione e aggiornamento, senza beneficiare dei crediti formativi riservati agli iscritti all\u2019Ordine dei giornalisti, con lo scopo di accrescere la propria preparazione negli ambiti giornalistici e deontologici del settore.<\/p>\n<p>Possono proporre al Consiglio direttivo spunti per l\u2019attivit\u00e0 di divulgazione scientifica nell\u2019ottica degli obiettivi dell\u2019Unione. In ogni caso non hanno diritto di esercitare l\u2019elettorato attivo e passivo, n\u00e9 in ambito di Assemblea n\u00e9 di presentarsi per le cariche del Consiglio direttivo.<\/p>\n<p style=\"text-align: justify;\">\n","protected":false},"excerpt":{"rendered":"<p>Fondata nel 1966, l\u2019UGIS \u2013 Unione giornalisti\u00a0Italiani scientifici\u00a0\u00e8 un\u2019associazione senza scopo\u00a0di lucro, giuridicamente riconosciuta, indipendente da governi, istituzioni, enti, societ\u00e0 pubbliche e private. Ha lo scopo di favorire la divulgazione scientifica e tecnica in Italia attraverso i media, favorendo l\u2019aggiornamento professionale dei soci (giornalisti iscritti all\u2019Ordine), professionalmente impegnati nell\u2019ambito dell\u2019informazione scientifica attraverso quotidiani, periodici, radio, [&hellip;]<\/p>\n","protected":false},"author":6,"featured_media":0,"parent":0,"menu_order":0,"comment_status":"open","ping_status":"open","template":"","meta":{"_et_pb_use_builder":"","_et_pb_old_content":"","_et_gb_content_width":"","footnotes":""},"class_list":["post-55","page","type-page","status-publish","hentry"],"yoast_head":"<!-- This site is optimized with the Yoast SEO plugin v27.2 - https:\/\/yoast.com\/product\/yoast-seo-wordpress\/ -->\n<title>Cosa \u00e8 l&#039;UGIS - UGIS<\/title>\n<meta name=\"robots\" content=\"index, follow, max-snippet:-1, max-image-preview:large, max-video-preview:-1\" \/>\n<link rel=\"canonical\" href=\"https:\/\/ugis.it\/cms\/ugis\/\" \/>\n<meta property=\"og:locale\" content=\"it_IT\" \/>\n<meta property=\"og:type\" content=\"article\" \/>\n<meta property=\"og:title\" content=\"Cosa \u00e8 l&#039;UGIS - UGIS\" \/>\n<meta property=\"og:description\" content=\"Fondata nel 1966, l\u2019UGIS \u2013 Unione giornalisti\u00a0Italiani scientifici\u00a0\u00e8 un\u2019associazione senza scopo\u00a0di lucro, giuridicamente riconosciuta, indipendente da governi, istituzioni, enti, societ\u00e0 pubbliche e private. Ha lo scopo di favorire la divulgazione scientifica e tecnica in Italia attraverso i media, favorendo l\u2019aggiornamento professionale dei soci (giornalisti iscritti all\u2019Ordine), professionalmente impegnati nell\u2019ambito dell\u2019informazione scientifica attraverso quotidiani, periodici, radio, [&hellip;]\" \/>\n<meta property=\"og:url\" content=\"https:\/\/ugis.it\/cms\/ugis\/\" \/>\n<meta property=\"og:site_name\" content=\"UGIS\" \/>\n<meta property=\"article:modified_time\" content=\"2020-07-31T13:28:25+00:00\" \/>\n<meta name=\"twitter:card\" content=\"summary_large_image\" \/>\n<meta name=\"twitter:label1\" content=\"Tempo di lettura stimato\" \/>\n\t<meta name=\"twitter:data1\" content=\"2 minuti\" \/>\n<script type=\"application\/ld+json\" class=\"yoast-schema-graph\">{\"@context\":\"https:\/\/schema.org\",\"@graph\":[{\"@type\":\"WebPage\",\"@id\":\"https:\/\/ugis.it\/cms\/ugis\/\",\"url\":\"https:\/\/ugis.it\/cms\/ugis\/\",\"name\":\"Cosa \u00e8 l'UGIS - UGIS\",\"isPartOf\":{\"@id\":\"https:\/\/ugis.it\/cms\/#website\"},\"datePublished\":\"2015-03-17T16:27:36+00:00\",\"dateModified\":\"2020-07-31T13:28:25+00:00\",\"breadcrumb\":{\"@id\":\"https:\/\/ugis.it\/cms\/ugis\/#breadcrumb\"},\"inLanguage\":\"it-IT\",\"potentialAction\":[{\"@type\":\"ReadAction\",\"target\":[\"https:\/\/ugis.it\/cms\/ugis\/\"]}]},{\"@type\":\"BreadcrumbList\",\"@id\":\"https:\/\/ugis.it\/cms\/ugis\/#breadcrumb\",\"itemListElement\":[{\"@type\":\"ListItem\",\"position\":1,\"name\":\"Home\",\"item\":\"https:\/\/ugis.it\/cms\/\"},{\"@type\":\"ListItem\",\"position\":2,\"name\":\"Cosa \u00e8 l&#8217;UGIS\"}]},{\"@type\":\"WebSite\",\"@id\":\"https:\/\/ugis.it\/cms\/#website\",\"url\":\"https:\/\/ugis.it\/cms\/\",\"name\":\"UGIS\",\"description\":\"Unione Giornalisti Italiani Scientifici\",\"publisher\":{\"@id\":\"https:\/\/ugis.it\/cms\/#organization\"},\"potentialAction\":[{\"@type\":\"SearchAction\",\"target\":{\"@type\":\"EntryPoint\",\"urlTemplate\":\"https:\/\/ugis.it\/cms\/?s={search_term_string}\"},\"query-input\":{\"@type\":\"PropertyValueSpecification\",\"valueRequired\":true,\"valueName\":\"search_term_string\"}}],\"inLanguage\":\"it-IT\"},{\"@type\":\"Organization\",\"@id\":\"https:\/\/ugis.it\/cms\/#organization\",\"name\":\"UGIS\",\"url\":\"https:\/\/ugis.it\/cms\/\",\"logo\":{\"@type\":\"ImageObject\",\"inLanguage\":\"it-IT\",\"@id\":\"https:\/\/ugis.it\/cms\/#\/schema\/logo\/image\/\",\"url\":\"https:\/\/ugis.it\/cms\/wp-content\/uploads\/2015\/04\/logo-UGIS_colori.jpg\",\"contentUrl\":\"https:\/\/ugis.it\/cms\/wp-content\/uploads\/2015\/04\/logo-UGIS_colori.jpg\",\"width\":198,\"height\":91,\"caption\":\"UGIS\"},\"image\":{\"@id\":\"https:\/\/ugis.it\/cms\/#\/schema\/logo\/image\/\"}}]}<\/script>\n<!-- \/ Yoast SEO plugin. -->","yoast_head_json":{"title":"Cosa \u00e8 l'UGIS - UGIS","robots":{"index":"index","follow":"follow","max-snippet":"max-snippet:-1","max-image-preview":"max-image-preview:large","max-video-preview":"max-video-preview:-1"},"canonical":"https:\/\/ugis.it\/cms\/ugis\/","og_locale":"it_IT","og_type":"article","og_title":"Cosa \u00e8 l'UGIS - UGIS","og_description":"Fondata nel 1966, l\u2019UGIS \u2013 Unione giornalisti\u00a0Italiani scientifici\u00a0\u00e8 un\u2019associazione senza scopo\u00a0di lucro, giuridicamente riconosciuta, indipendente da governi, istituzioni, enti, societ\u00e0 pubbliche e private. Ha lo scopo di favorire la divulgazione scientifica e tecnica in Italia attraverso i media, favorendo l\u2019aggiornamento professionale dei soci (giornalisti iscritti all\u2019Ordine), professionalmente impegnati nell\u2019ambito dell\u2019informazione scientifica attraverso quotidiani, periodici, radio, [&hellip;]","og_url":"https:\/\/ugis.it\/cms\/ugis\/","og_site_name":"UGIS","article_modified_time":"2020-07-31T13:28:25+00:00","twitter_card":"summary_large_image","twitter_misc":{"Tempo di lettura stimato":"2 minuti"},"schema":{"@context":"https:\/\/schema.org","@graph":[{"@type":"WebPage","@id":"https:\/\/ugis.it\/cms\/ugis\/","url":"https:\/\/ugis.it\/cms\/ugis\/","name":"Cosa \u00e8 l'UGIS - UGIS","isPartOf":{"@id":"https:\/\/ugis.it\/cms\/#website"},"datePublished":"2015-03-17T16:27:36+00:00","dateModified":"2020-07-31T13:28:25+00:00","breadcrumb":{"@id":"https:\/\/ugis.it\/cms\/ugis\/#breadcrumb"},"inLanguage":"it-IT","potentialAction":[{"@type":"ReadAction","target":["https:\/\/ugis.it\/cms\/ugis\/"]}]},{"@type":"BreadcrumbList","@id":"https:\/\/ugis.it\/cms\/ugis\/#breadcrumb","itemListElement":[{"@type":"ListItem","position":1,"name":"Home","item":"https:\/\/ugis.it\/cms\/"},{"@type":"ListItem","position":2,"name":"Cosa \u00e8 l&#8217;UGIS"}]},{"@type":"WebSite","@id":"https:\/\/ugis.it\/cms\/#website","url":"https:\/\/ugis.it\/cms\/","name":"UGIS","description":"Unione Giornalisti Italiani Scientifici","publisher":{"@id":"https:\/\/ugis.it\/cms\/#organization"},"potentialAction":[{"@type":"SearchAction","target":{"@type":"EntryPoint","urlTemplate":"https:\/\/ugis.it\/cms\/?s={search_term_string}"},"query-input":{"@type":"PropertyValueSpecification","valueRequired":true,"valueName":"search_term_string"}}],"inLanguage":"it-IT"},{"@type":"Organization","@id":"https:\/\/ugis.it\/cms\/#organization","name":"UGIS","url":"https:\/\/ugis.it\/cms\/","logo":{"@type":"ImageObject","inLanguage":"it-IT","@id":"https:\/\/ugis.it\/cms\/#\/schema\/logo\/image\/","url":"https:\/\/ugis.it\/cms\/wp-content\/uploads\/2015\/04\/logo-UGIS_colori.jpg","contentUrl":"https:\/\/ugis.it\/cms\/wp-content\/uploads\/2015\/04\/logo-UGIS_colori.jpg","width":198,"height":91,"caption":"UGIS"},"image":{"@id":"https:\/\/ugis.it\/cms\/#\/schema\/logo\/image\/"}}]}},"_links":{"self":[{"href":"https:\/\/ugis.it\/cms\/wp-json\/wp\/v2\/pages\/55","targetHints":{"allow":["GET"]}}],"collection":[{"href":"https:\/\/ugis.it\/cms\/wp-json\/wp\/v2\/pages"}],"about":[{"href":"https:\/\/ugis.it\/cms\/wp-json\/wp\/v2\/types\/page"}],"author":[{"embeddable":true,"href":"https:\/\/ugis.it\/cms\/wp-json\/wp\/v2\/users\/6"}],"replies":[{"embeddable":true,"href":"https:\/\/ugis.it\/cms\/wp-json\/wp\/v2\/comments?post=55"}],"version-history":[{"count":0,"href":"https:\/\/ugis.it\/cms\/wp-json\/wp\/v2\/pages\/55\/revisions"}],"wp:attachment":[{"href":"https:\/\/ugis.it\/cms\/wp-json\/wp\/v2\/media?parent=55"}],"curies":[{"name":"wp","href":"https:\/\/api.w.org\/{rel}","templated":true}]}}