{"id":2064,"date":"2016-05-27T16:06:26","date_gmt":"2016-05-27T14:06:26","guid":{"rendered":"https:\/\/ugis.it\/cms\/?page_id=2064"},"modified":"2016-06-06T13:24:06","modified_gmt":"2016-06-06T11:24:06","slug":"la-wfsj","status":"publish","type":"page","link":"https:\/\/ugis.it\/cms\/la-wfsj\/","title":{"rendered":"Cosa \u00e8 la  WFSJ"},"content":{"rendered":"<p>La WFSJ \u00e8 un\u2019organizzazione non governativa senza fini di lucro che raggruppa le associazioni dei giornalisti scientifici di ogni parte del mondo. La Federazione incoraggia la divulgazione delle tematiche affrontate in diversi settori come scienza, tecnologia, ambiente, salute, medicina, agricoltura, ecc.<\/p>\n<p>L\u2019obiettivo \u00e8 lo sviluppo della consapevolezza nel giornalismo scientifico internazionale e della capacit\u00e0 di intraprendere la professione di giornalista in maniera incisiva, accurata, imparziale e di qualit\u00e0. Inoltre, forma i professionisti attraverso conferenze, progetti, la creazione di associazioni nazionali e network professionali.<\/p>\n<p>La WFSJ mira anche a salvaguardare i diritti del giornalismo scientifico mondiale.<\/p>\n<p>&nbsp;<\/p>\n<p style=\"text-align: justify;\">Per informazioni sulla\u00a0WFSJ e la sua attivit\u00e0, consultare il sito\u00a0<strong><a href=\"https:\/\/wfsj.org\/v2\/\">https:\/\/wfsj.org<\/a><\/strong><span class=\"style62\">.<\/span><\/p>\n<p>&nbsp;<\/p>\n","protected":false},"excerpt":{"rendered":"<p>La WFSJ \u00e8 un\u2019organizzazione non governativa senza fini di lucro che raggruppa le associazioni dei giornalisti scientifici di ogni parte del mondo. La Federazione incoraggia la divulgazione delle tematiche affrontate in diversi settori come scienza, tecnologia, ambiente, salute, medicina, agricoltura, ecc. L\u2019obiettivo \u00e8 lo sviluppo della consapevolezza nel giornalismo scientifico internazionale e della capacit\u00e0 di [&hellip;]<\/p>\n","protected":false},"author":6,"featured_media":0,"parent":0,"menu_order":0,"comment_status":"closed","ping_status":"closed","template":"","meta":{"_et_pb_use_builder":"","_et_pb_old_content":"","_et_gb_content_width":"","footnotes":""},"class_list":["post-2064","page","type-page","status-publish","hentry"],"yoast_head":"<!-- This site is optimized with the Yoast SEO plugin v27.2 - https:\/\/yoast.com\/product\/yoast-seo-wordpress\/ -->\n<title>Cosa \u00e8 la WFSJ - UGIS<\/title>\n<meta name=\"robots\" content=\"index, follow, max-snippet:-1, max-image-preview:large, max-video-preview:-1\" \/>\n<link rel=\"canonical\" href=\"https:\/\/ugis.it\/cms\/la-wfsj\/\" \/>\n<meta property=\"og:locale\" content=\"it_IT\" \/>\n<meta property=\"og:type\" content=\"article\" \/>\n<meta property=\"og:title\" content=\"Cosa \u00e8 la WFSJ - UGIS\" \/>\n<meta property=\"og:description\" content=\"La WFSJ \u00e8 un\u2019organizzazione non governativa senza fini di lucro che raggruppa le associazioni dei giornalisti scientifici di ogni parte del mondo. La Federazione incoraggia la divulgazione delle tematiche affrontate in diversi settori come scienza, tecnologia, ambiente, salute, medicina, agricoltura, ecc. L\u2019obiettivo \u00e8 lo sviluppo della consapevolezza nel giornalismo scientifico internazionale e della capacit\u00e0 di [&hellip;]\" \/>\n<meta property=\"og:url\" content=\"https:\/\/ugis.it\/cms\/la-wfsj\/\" \/>\n<meta property=\"og:site_name\" content=\"UGIS\" \/>\n<meta property=\"article:modified_time\" content=\"2016-06-06T11:24:06+00:00\" \/>\n<meta name=\"twitter:card\" content=\"summary_large_image\" \/>\n<meta name=\"twitter:label1\" content=\"Tempo di lettura stimato\" \/>\n\t<meta name=\"twitter:data1\" content=\"1 minuto\" \/>\n<script type=\"application\/ld+json\" class=\"yoast-schema-graph\">{\"@context\":\"https:\/\/schema.org\",\"@graph\":[{\"@type\":\"WebPage\",\"@id\":\"https:\/\/ugis.it\/cms\/la-wfsj\/\",\"url\":\"https:\/\/ugis.it\/cms\/la-wfsj\/\",\"name\":\"Cosa \u00e8 la WFSJ - UGIS\",\"isPartOf\":{\"@id\":\"https:\/\/ugis.it\/cms\/#website\"},\"datePublished\":\"2016-05-27T14:06:26+00:00\",\"dateModified\":\"2016-06-06T11:24:06+00:00\",\"breadcrumb\":{\"@id\":\"https:\/\/ugis.it\/cms\/la-wfsj\/#breadcrumb\"},\"inLanguage\":\"it-IT\",\"potentialAction\":[{\"@type\":\"ReadAction\",\"target\":[\"https:\/\/ugis.it\/cms\/la-wfsj\/\"]}]},{\"@type\":\"BreadcrumbList\",\"@id\":\"https:\/\/ugis.it\/cms\/la-wfsj\/#breadcrumb\",\"itemListElement\":[{\"@type\":\"ListItem\",\"position\":1,\"name\":\"Home\",\"item\":\"https:\/\/ugis.it\/cms\/\"},{\"@type\":\"ListItem\",\"position\":2,\"name\":\"Cosa \u00e8 la WFSJ\"}]},{\"@type\":\"WebSite\",\"@id\":\"https:\/\/ugis.it\/cms\/#website\",\"url\":\"https:\/\/ugis.it\/cms\/\",\"name\":\"UGIS\",\"description\":\"Unione Giornalisti Italiani Scientifici\",\"publisher\":{\"@id\":\"https:\/\/ugis.it\/cms\/#organization\"},\"potentialAction\":[{\"@type\":\"SearchAction\",\"target\":{\"@type\":\"EntryPoint\",\"urlTemplate\":\"https:\/\/ugis.it\/cms\/?s={search_term_string}\"},\"query-input\":{\"@type\":\"PropertyValueSpecification\",\"valueRequired\":true,\"valueName\":\"search_term_string\"}}],\"inLanguage\":\"it-IT\"},{\"@type\":\"Organization\",\"@id\":\"https:\/\/ugis.it\/cms\/#organization\",\"name\":\"UGIS\",\"url\":\"https:\/\/ugis.it\/cms\/\",\"logo\":{\"@type\":\"ImageObject\",\"inLanguage\":\"it-IT\",\"@id\":\"https:\/\/ugis.it\/cms\/#\/schema\/logo\/image\/\",\"url\":\"https:\/\/ugis.it\/cms\/wp-content\/uploads\/2015\/04\/logo-UGIS_colori.jpg\",\"contentUrl\":\"https:\/\/ugis.it\/cms\/wp-content\/uploads\/2015\/04\/logo-UGIS_colori.jpg\",\"width\":198,\"height\":91,\"caption\":\"UGIS\"},\"image\":{\"@id\":\"https:\/\/ugis.it\/cms\/#\/schema\/logo\/image\/\"}}]}<\/script>\n<!-- \/ Yoast SEO plugin. -->","yoast_head_json":{"title":"Cosa \u00e8 la WFSJ - UGIS","robots":{"index":"index","follow":"follow","max-snippet":"max-snippet:-1","max-image-preview":"max-image-preview:large","max-video-preview":"max-video-preview:-1"},"canonical":"https:\/\/ugis.it\/cms\/la-wfsj\/","og_locale":"it_IT","og_type":"article","og_title":"Cosa \u00e8 la WFSJ - UGIS","og_description":"La WFSJ \u00e8 un\u2019organizzazione non governativa senza fini di lucro che raggruppa le associazioni dei giornalisti scientifici di ogni parte del mondo. La Federazione incoraggia la divulgazione delle tematiche affrontate in diversi settori come scienza, tecnologia, ambiente, salute, medicina, agricoltura, ecc. L\u2019obiettivo \u00e8 lo sviluppo della consapevolezza nel giornalismo scientifico internazionale e della capacit\u00e0 di [&hellip;]","og_url":"https:\/\/ugis.it\/cms\/la-wfsj\/","og_site_name":"UGIS","article_modified_time":"2016-06-06T11:24:06+00:00","twitter_card":"summary_large_image","twitter_misc":{"Tempo di lettura stimato":"1 minuto"},"schema":{"@context":"https:\/\/schema.org","@graph":[{"@type":"WebPage","@id":"https:\/\/ugis.it\/cms\/la-wfsj\/","url":"https:\/\/ugis.it\/cms\/la-wfsj\/","name":"Cosa \u00e8 la WFSJ - UGIS","isPartOf":{"@id":"https:\/\/ugis.it\/cms\/#website"},"datePublished":"2016-05-27T14:06:26+00:00","dateModified":"2016-06-06T11:24:06+00:00","breadcrumb":{"@id":"https:\/\/ugis.it\/cms\/la-wfsj\/#breadcrumb"},"inLanguage":"it-IT","potentialAction":[{"@type":"ReadAction","target":["https:\/\/ugis.it\/cms\/la-wfsj\/"]}]},{"@type":"BreadcrumbList","@id":"https:\/\/ugis.it\/cms\/la-wfsj\/#breadcrumb","itemListElement":[{"@type":"ListItem","position":1,"name":"Home","item":"https:\/\/ugis.it\/cms\/"},{"@type":"ListItem","position":2,"name":"Cosa \u00e8 la WFSJ"}]},{"@type":"WebSite","@id":"https:\/\/ugis.it\/cms\/#website","url":"https:\/\/ugis.it\/cms\/","name":"UGIS","description":"Unione Giornalisti Italiani Scientifici","publisher":{"@id":"https:\/\/ugis.it\/cms\/#organization"},"potentialAction":[{"@type":"SearchAction","target":{"@type":"EntryPoint","urlTemplate":"https:\/\/ugis.it\/cms\/?s={search_term_string}"},"query-input":{"@type":"PropertyValueSpecification","valueRequired":true,"valueName":"search_term_string"}}],"inLanguage":"it-IT"},{"@type":"Organization","@id":"https:\/\/ugis.it\/cms\/#organization","name":"UGIS","url":"https:\/\/ugis.it\/cms\/","logo":{"@type":"ImageObject","inLanguage":"it-IT","@id":"https:\/\/ugis.it\/cms\/#\/schema\/logo\/image\/","url":"https:\/\/ugis.it\/cms\/wp-content\/uploads\/2015\/04\/logo-UGIS_colori.jpg","contentUrl":"https:\/\/ugis.it\/cms\/wp-content\/uploads\/2015\/04\/logo-UGIS_colori.jpg","width":198,"height":91,"caption":"UGIS"},"image":{"@id":"https:\/\/ugis.it\/cms\/#\/schema\/logo\/image\/"}}]}},"_links":{"self":[{"href":"https:\/\/ugis.it\/cms\/wp-json\/wp\/v2\/pages\/2064","targetHints":{"allow":["GET"]}}],"collection":[{"href":"https:\/\/ugis.it\/cms\/wp-json\/wp\/v2\/pages"}],"about":[{"href":"https:\/\/ugis.it\/cms\/wp-json\/wp\/v2\/types\/page"}],"author":[{"embeddable":true,"href":"https:\/\/ugis.it\/cms\/wp-json\/wp\/v2\/users\/6"}],"replies":[{"embeddable":true,"href":"https:\/\/ugis.it\/cms\/wp-json\/wp\/v2\/comments?post=2064"}],"version-history":[{"count":0,"href":"https:\/\/ugis.it\/cms\/wp-json\/wp\/v2\/pages\/2064\/revisions"}],"wp:attachment":[{"href":"https:\/\/ugis.it\/cms\/wp-json\/wp\/v2\/media?parent=2064"}],"curies":[{"name":"wp","href":"https:\/\/api.w.org\/{rel}","templated":true}]}}