{"id":1581892,"date":"2025-06-27T12:18:08","date_gmt":"2025-06-27T10:18:08","guid":{"rendered":"https:\/\/ugis.it\/cms\/?page_id=1581892"},"modified":"2025-06-27T14:17:25","modified_gmt":"2025-06-27T12:17:25","slug":"corso-di-informazione-scientifica-al-collegio-nuovo-universita-di-pavia","status":"publish","type":"page","link":"https:\/\/ugis.it\/cms\/corso-di-informazione-scientifica-al-collegio-nuovo-universita-di-pavia\/","title":{"rendered":"Corso di Informazione scientifica al Collegio Nuovo-Universit\u00e0 di Pavia"},"content":{"rendered":"<p>[et_pb_section fb_built=&#8221;1&#8243; admin_label=&#8221;section&#8221; _builder_version=&#8221;4.16&#8243; global_colors_info=&#8221;{}&#8221;][et_pb_row admin_label=&#8221;row&#8221; _builder_version=&#8221;4.17.4&#8243; background_size=&#8221;initial&#8221; background_position=&#8221;top_left&#8221; background_repeat=&#8221;repeat&#8221; global_colors_info=&#8221;{}&#8221;][et_pb_column type=&#8221;4_4&#8243; _builder_version=&#8221;4.16&#8243; custom_padding=&#8221;|||&#8221; global_colors_info=&#8221;{}&#8221; custom_padding__hover=&#8221;|||&#8221;][et_pb_text _builder_version=&#8221;4.25.2&#8243; _module_preset=&#8221;default&#8221; hover_enabled=&#8221;0&#8243; global_colors_info=&#8221;{}&#8221; sticky_enabled=&#8221;0&#8243;]<\/p>\n<h1><span style=\"color: #2e6697;\">Corso di Informazione scientifica al Collegio Nuovo &#8211; Universit\u00e0 di Pavia<\/span><\/h1>\n<p>&nbsp;<\/p>\n<p>Tra marzo e aprile 2025 presso l&#8217;Universit\u00e0 di Pavia &#8211; Collegio Nuovo (Fondazione Sandra e Enea Mattei) si svolgeva un corso dedicato a: &#8220;Informazione scientifica: corretta e necessaria&#8221; condotto da <strong>Giovanni Caprara<\/strong>, presidente UGIS Unione Giornalisti Italiani Scientifici ed editorialista scientifico del \u201cCorriere della Sera\u201d.<br \/>VI partecipavano studenti di diverse facolt\u00e0 non solo scientifiche. Nel corso delle lezioni gli studenti svolgevano un&#8217;esercitazione scrivendo un articolo su uno dei temi che li coinvolgevano all&#8217;universit\u00e0. I risultati erano discussi compiendo un esame dell&#8217;approccio comunicativo adeguato.<\/p>\n<div><span style=\"color: #0b5394;\">Cliccare sui nomi per visualizzare gli articoli di ciascun studente<\/span><\/div>\n<div>\u00a0<\/div>\n<p>[\/et_pb_text][\/et_pb_column][\/et_pb_row][et_pb_row column_structure=&#8221;1_3,1_3,1_3&#8243; admin_label=&#8221;row&#8221; _builder_version=&#8221;4.25.2&#8243; background_size=&#8221;initial&#8221; background_position=&#8221;top_left&#8221; background_repeat=&#8221;repeat&#8221; global_colors_info=&#8221;{}&#8221;][et_pb_column type=&#8221;1_3&#8243; _builder_version=&#8221;4.16&#8243; custom_padding=&#8221;|||&#8221; global_colors_info=&#8221;{}&#8221; custom_padding__hover=&#8221;|||&#8221;][et_pb_blurb title=&#8221;Maurizio Fobelli&#8221; url=&#8221;https:\/\/ugis.it\/cms\/wp-content\/uploads\/2025\/06\/Maurizio-Fobelli_De-estinguere-il-passato-o-conservare-il-presente.pdf&#8221; url_new_window=&#8221;on&#8221; image_icon_width=&#8221;150px&#8221; admin_label=&#8221;Blurb&#8221; _builder_version=&#8221;4.25.2&#8243; header_font=&#8221;|on|||&#8221; header_text_color=&#8221;#2e6697&#8243; background_size=&#8221;initial&#8221; background_position=&#8221;top_left&#8221; background_repeat=&#8221;repeat&#8221; text_orientation=&#8221;center&#8221; use_border_color=&#8221;off&#8221; border_color=&#8221;#ffffff&#8221; border_style=&#8221;solid&#8221; image_max_width=&#8221;150px&#8221; global_colors_info=&#8221;{}&#8221;][\/et_pb_blurb][\/et_pb_column][et_pb_column type=&#8221;1_3&#8243; _builder_version=&#8221;4.16&#8243; custom_padding=&#8221;|||&#8221; global_colors_info=&#8221;{}&#8221; custom_padding__hover=&#8221;|||&#8221;][et_pb_blurb title=&#8221;Maria Chiara Negri&#8221; url=&#8221;https:\/\/ugis.it\/cms\/wp-content\/uploads\/2025\/06\/Maria-Chiara-Negri_Human-Brain-Project.pdf&#8221; url_new_window=&#8221;on&#8221; image_icon_width=&#8221;150px&#8221; admin_label=&#8221;Blurb&#8221; _builder_version=&#8221;4.25.2&#8243; header_font=&#8221;|on|||&#8221; header_text_color=&#8221;#2e6697&#8243; background_size=&#8221;initial&#8221; background_position=&#8221;top_left&#8221; background_repeat=&#8221;repeat&#8221; text_orientation=&#8221;center&#8221; use_border_color=&#8221;off&#8221; border_color=&#8221;#ffffff&#8221; border_style=&#8221;solid&#8221; image_max_width=&#8221;150px&#8221; global_colors_info=&#8221;{}&#8221;][\/et_pb_blurb][\/et_pb_column][et_pb_column type=&#8221;1_3&#8243; _builder_version=&#8221;4.16&#8243; custom_padding=&#8221;|||&#8221; global_colors_info=&#8221;{}&#8221; custom_padding__hover=&#8221;|||&#8221;][et_pb_blurb title=&#8221;Silvia Pandolfini&#8221; url=&#8221;https:\/\/ugis.it\/cms\/wp-content\/uploads\/2025\/06\/Silvia-Pandolfini_Come-la-statistica-puo-ridurre-fame-e-poverta.pdf&#8221; url_new_window=&#8221;on&#8221; image_icon_width=&#8221;150px&#8221; admin_label=&#8221;Blurb&#8221; _builder_version=&#8221;4.25.2&#8243; header_font=&#8221;|on|||&#8221; header_text_color=&#8221;#2e6697&#8243; background_size=&#8221;initial&#8221; background_position=&#8221;top_left&#8221; background_repeat=&#8221;repeat&#8221; text_orientation=&#8221;center&#8221; use_border_color=&#8221;off&#8221; border_color=&#8221;#ffffff&#8221; border_style=&#8221;solid&#8221; image_max_width=&#8221;150px&#8221; global_colors_info=&#8221;{}&#8221;][\/et_pb_blurb][\/et_pb_column][\/et_pb_row][\/et_pb_section]<\/p>\n","protected":false},"excerpt":{"rendered":"<p>Corso di Informazione scientifica al Collegio Nuovo &#8211; Universit\u00e0 di Pavia &nbsp; Tra marzo e aprile 2025 presso l&#8217;Universit\u00e0 di Pavia &#8211; Collegio Nuovo (Fondazione Sandra e Enea Mattei) si svolgeva un corso dedicato a: &#8220;Informazione scientifica: corretta e necessaria&#8221; condotto da Giovanni Caprara, presidente UGIS Unione Giornalisti Italiani Scientifici ed editorialista scientifico del \u201cCorriere [&hellip;]<\/p>\n","protected":false},"author":16,"featured_media":0,"parent":0,"menu_order":0,"comment_status":"closed","ping_status":"closed","template":"","meta":{"_et_pb_use_builder":"on","_et_pb_old_content":"","_et_gb_content_width":"","footnotes":""},"class_list":["post-1581892","page","type-page","status-publish","hentry"],"yoast_head":"<!-- This site is optimized with the Yoast SEO plugin v27.2 - https:\/\/yoast.com\/product\/yoast-seo-wordpress\/ -->\n<title>Corso di Informazione scientifica al Collegio Nuovo-Universit\u00e0 di Pavia - UGIS<\/title>\n<meta name=\"robots\" content=\"index, follow, max-snippet:-1, max-image-preview:large, max-video-preview:-1\" \/>\n<link rel=\"canonical\" href=\"https:\/\/ugis.it\/cms\/corso-di-informazione-scientifica-al-collegio-nuovo-universita-di-pavia\/\" \/>\n<meta property=\"og:locale\" content=\"it_IT\" \/>\n<meta property=\"og:type\" content=\"article\" \/>\n<meta property=\"og:title\" content=\"Corso di Informazione scientifica al Collegio Nuovo-Universit\u00e0 di Pavia - UGIS\" \/>\n<meta property=\"og:description\" content=\"Corso di Informazione scientifica al Collegio Nuovo - Universit\u00e0 di Pavia &nbsp; Tra marzo e aprile 2025 presso l&#039;Universit\u00e0 di Pavia - Collegio Nuovo (Fondazione Sandra e Enea Mattei) si svolgeva un corso dedicato a: &quot;Informazione scientifica: corretta e necessaria&quot; condotto da Giovanni Caprara, presidente UGIS Unione Giornalisti Italiani Scientifici ed editorialista scientifico del \u201cCorriere [&hellip;]\" \/>\n<meta property=\"og:url\" content=\"https:\/\/ugis.it\/cms\/corso-di-informazione-scientifica-al-collegio-nuovo-universita-di-pavia\/\" \/>\n<meta property=\"og:site_name\" content=\"UGIS\" \/>\n<meta property=\"article:modified_time\" content=\"2025-06-27T12:17:25+00:00\" \/>\n<meta name=\"twitter:card\" content=\"summary_large_image\" \/>\n<meta name=\"twitter:label1\" content=\"Tempo di lettura stimato\" \/>\n\t<meta name=\"twitter:data1\" content=\"1 minuto\" \/>\n<script type=\"application\/ld+json\" class=\"yoast-schema-graph\">{\"@context\":\"https:\/\/schema.org\",\"@graph\":[{\"@type\":\"WebPage\",\"@id\":\"https:\/\/ugis.it\/cms\/corso-di-informazione-scientifica-al-collegio-nuovo-universita-di-pavia\/\",\"url\":\"https:\/\/ugis.it\/cms\/corso-di-informazione-scientifica-al-collegio-nuovo-universita-di-pavia\/\",\"name\":\"Corso di Informazione scientifica al Collegio Nuovo-Universit\u00e0 di Pavia - UGIS\",\"isPartOf\":{\"@id\":\"https:\/\/ugis.it\/cms\/#website\"},\"datePublished\":\"2025-06-27T10:18:08+00:00\",\"dateModified\":\"2025-06-27T12:17:25+00:00\",\"breadcrumb\":{\"@id\":\"https:\/\/ugis.it\/cms\/corso-di-informazione-scientifica-al-collegio-nuovo-universita-di-pavia\/#breadcrumb\"},\"inLanguage\":\"it-IT\",\"potentialAction\":[{\"@type\":\"ReadAction\",\"target\":[\"https:\/\/ugis.it\/cms\/corso-di-informazione-scientifica-al-collegio-nuovo-universita-di-pavia\/\"]}]},{\"@type\":\"BreadcrumbList\",\"@id\":\"https:\/\/ugis.it\/cms\/corso-di-informazione-scientifica-al-collegio-nuovo-universita-di-pavia\/#breadcrumb\",\"itemListElement\":[{\"@type\":\"ListItem\",\"position\":1,\"name\":\"Home\",\"item\":\"https:\/\/ugis.it\/cms\/\"},{\"@type\":\"ListItem\",\"position\":2,\"name\":\"Corso di Informazione scientifica al Collegio Nuovo-Universit\u00e0 di Pavia\"}]},{\"@type\":\"WebSite\",\"@id\":\"https:\/\/ugis.it\/cms\/#website\",\"url\":\"https:\/\/ugis.it\/cms\/\",\"name\":\"UGIS\",\"description\":\"Unione Giornalisti Italiani Scientifici\",\"publisher\":{\"@id\":\"https:\/\/ugis.it\/cms\/#organization\"},\"potentialAction\":[{\"@type\":\"SearchAction\",\"target\":{\"@type\":\"EntryPoint\",\"urlTemplate\":\"https:\/\/ugis.it\/cms\/?s={search_term_string}\"},\"query-input\":{\"@type\":\"PropertyValueSpecification\",\"valueRequired\":true,\"valueName\":\"search_term_string\"}}],\"inLanguage\":\"it-IT\"},{\"@type\":\"Organization\",\"@id\":\"https:\/\/ugis.it\/cms\/#organization\",\"name\":\"UGIS\",\"url\":\"https:\/\/ugis.it\/cms\/\",\"logo\":{\"@type\":\"ImageObject\",\"inLanguage\":\"it-IT\",\"@id\":\"https:\/\/ugis.it\/cms\/#\/schema\/logo\/image\/\",\"url\":\"https:\/\/ugis.it\/cms\/wp-content\/uploads\/2015\/04\/logo-UGIS_colori.jpg\",\"contentUrl\":\"https:\/\/ugis.it\/cms\/wp-content\/uploads\/2015\/04\/logo-UGIS_colori.jpg\",\"width\":198,\"height\":91,\"caption\":\"UGIS\"},\"image\":{\"@id\":\"https:\/\/ugis.it\/cms\/#\/schema\/logo\/image\/\"}}]}<\/script>\n<!-- \/ Yoast SEO plugin. -->","yoast_head_json":{"title":"Corso di Informazione scientifica al Collegio Nuovo-Universit\u00e0 di Pavia - UGIS","robots":{"index":"index","follow":"follow","max-snippet":"max-snippet:-1","max-image-preview":"max-image-preview:large","max-video-preview":"max-video-preview:-1"},"canonical":"https:\/\/ugis.it\/cms\/corso-di-informazione-scientifica-al-collegio-nuovo-universita-di-pavia\/","og_locale":"it_IT","og_type":"article","og_title":"Corso di Informazione scientifica al Collegio Nuovo-Universit\u00e0 di Pavia - UGIS","og_description":"Corso di Informazione scientifica al Collegio Nuovo - Universit\u00e0 di Pavia &nbsp; Tra marzo e aprile 2025 presso l'Universit\u00e0 di Pavia - Collegio Nuovo (Fondazione Sandra e Enea Mattei) si svolgeva un corso dedicato a: \"Informazione scientifica: corretta e necessaria\" condotto da Giovanni Caprara, presidente UGIS Unione Giornalisti Italiani Scientifici ed editorialista scientifico del \u201cCorriere [&hellip;]","og_url":"https:\/\/ugis.it\/cms\/corso-di-informazione-scientifica-al-collegio-nuovo-universita-di-pavia\/","og_site_name":"UGIS","article_modified_time":"2025-06-27T12:17:25+00:00","twitter_card":"summary_large_image","twitter_misc":{"Tempo di lettura stimato":"1 minuto"},"schema":{"@context":"https:\/\/schema.org","@graph":[{"@type":"WebPage","@id":"https:\/\/ugis.it\/cms\/corso-di-informazione-scientifica-al-collegio-nuovo-universita-di-pavia\/","url":"https:\/\/ugis.it\/cms\/corso-di-informazione-scientifica-al-collegio-nuovo-universita-di-pavia\/","name":"Corso di Informazione scientifica al Collegio Nuovo-Universit\u00e0 di Pavia - UGIS","isPartOf":{"@id":"https:\/\/ugis.it\/cms\/#website"},"datePublished":"2025-06-27T10:18:08+00:00","dateModified":"2025-06-27T12:17:25+00:00","breadcrumb":{"@id":"https:\/\/ugis.it\/cms\/corso-di-informazione-scientifica-al-collegio-nuovo-universita-di-pavia\/#breadcrumb"},"inLanguage":"it-IT","potentialAction":[{"@type":"ReadAction","target":["https:\/\/ugis.it\/cms\/corso-di-informazione-scientifica-al-collegio-nuovo-universita-di-pavia\/"]}]},{"@type":"BreadcrumbList","@id":"https:\/\/ugis.it\/cms\/corso-di-informazione-scientifica-al-collegio-nuovo-universita-di-pavia\/#breadcrumb","itemListElement":[{"@type":"ListItem","position":1,"name":"Home","item":"https:\/\/ugis.it\/cms\/"},{"@type":"ListItem","position":2,"name":"Corso di Informazione scientifica al Collegio Nuovo-Universit\u00e0 di Pavia"}]},{"@type":"WebSite","@id":"https:\/\/ugis.it\/cms\/#website","url":"https:\/\/ugis.it\/cms\/","name":"UGIS","description":"Unione Giornalisti Italiani Scientifici","publisher":{"@id":"https:\/\/ugis.it\/cms\/#organization"},"potentialAction":[{"@type":"SearchAction","target":{"@type":"EntryPoint","urlTemplate":"https:\/\/ugis.it\/cms\/?s={search_term_string}"},"query-input":{"@type":"PropertyValueSpecification","valueRequired":true,"valueName":"search_term_string"}}],"inLanguage":"it-IT"},{"@type":"Organization","@id":"https:\/\/ugis.it\/cms\/#organization","name":"UGIS","url":"https:\/\/ugis.it\/cms\/","logo":{"@type":"ImageObject","inLanguage":"it-IT","@id":"https:\/\/ugis.it\/cms\/#\/schema\/logo\/image\/","url":"https:\/\/ugis.it\/cms\/wp-content\/uploads\/2015\/04\/logo-UGIS_colori.jpg","contentUrl":"https:\/\/ugis.it\/cms\/wp-content\/uploads\/2015\/04\/logo-UGIS_colori.jpg","width":198,"height":91,"caption":"UGIS"},"image":{"@id":"https:\/\/ugis.it\/cms\/#\/schema\/logo\/image\/"}}]}},"_links":{"self":[{"href":"https:\/\/ugis.it\/cms\/wp-json\/wp\/v2\/pages\/1581892","targetHints":{"allow":["GET"]}}],"collection":[{"href":"https:\/\/ugis.it\/cms\/wp-json\/wp\/v2\/pages"}],"about":[{"href":"https:\/\/ugis.it\/cms\/wp-json\/wp\/v2\/types\/page"}],"author":[{"embeddable":true,"href":"https:\/\/ugis.it\/cms\/wp-json\/wp\/v2\/users\/16"}],"replies":[{"embeddable":true,"href":"https:\/\/ugis.it\/cms\/wp-json\/wp\/v2\/comments?post=1581892"}],"version-history":[{"count":2,"href":"https:\/\/ugis.it\/cms\/wp-json\/wp\/v2\/pages\/1581892\/revisions"}],"predecessor-version":[{"id":1581926,"href":"https:\/\/ugis.it\/cms\/wp-json\/wp\/v2\/pages\/1581892\/revisions\/1581926"}],"wp:attachment":[{"href":"https:\/\/ugis.it\/cms\/wp-json\/wp\/v2\/media?parent=1581892"}],"curies":[{"name":"wp","href":"https:\/\/api.w.org\/{rel}","templated":true}]}}