{"id":1580056,"date":"2023-11-02T13:16:11","date_gmt":"2023-11-02T12:16:11","guid":{"rendered":"https:\/\/ugis.it\/cms\/?page_id=1580056"},"modified":"2023-11-03T10:56:00","modified_gmt":"2023-11-03T09:56:00","slug":"laboratorio-ugis-universita-di-bologna-2023","status":"publish","type":"page","link":"https:\/\/ugis.it\/cms\/laboratorio-ugis-universita-di-bologna-2023\/","title":{"rendered":"Laboratorio UGIS &#8211; Universit\u00e0 di Bologna"},"content":{"rendered":"<p>[et_pb_section fb_built=&#8221;1&#8243; admin_label=&#8221;section&#8221; _builder_version=&#8221;4.16&#8243; global_colors_info=&#8221;{}&#8221;][et_pb_row admin_label=&#8221;row&#8221; _builder_version=&#8221;4.17.4&#8243; background_size=&#8221;initial&#8221; background_position=&#8221;top_left&#8221; background_repeat=&#8221;repeat&#8221; global_colors_info=&#8221;{}&#8221;][et_pb_column type=&#8221;4_4&#8243; _builder_version=&#8221;4.16&#8243; custom_padding=&#8221;|||&#8221; global_colors_info=&#8221;{}&#8221; custom_padding__hover=&#8221;|||&#8221;][et_pb_text _builder_version=&#8221;4.19.1&#8243; _module_preset=&#8221;default&#8221; global_colors_info=&#8221;{}&#8221;]<\/p>\n<h1><span style=\"color: #2e6697;\">Laboratorio UGIS &#8211; Universit\u00e0 di Bologna<\/span><\/h1>\n<p>UGIS &#8211; Unione Giornalisti Italiani Scientifici e l\u2019Universit\u00e0 di Bologna hanno avviato una collaborazione finalizzata alle dottorande e ai dottorandi per sensibilizzarli sull\u2019importanza di comunicare in maniera semplice ed efficace  le loro ricerche. Ne \u00e8 quindi nata un\u2019esperienza concretizzata in una sorta di laboratorio sperimentale:   <strong>@UniboPER\/PhD Storytelling<\/strong>. La rassegna \u00e8 promossa dall&#8217;ateneo bolognese, racconta storie di ricerca rivolte alla societ\u00e0 direttamente dalla voce dei suoi protagonisti e dopo il 2022 \u00e8 giunta nel 2023 alla sua seconda edizione.<\/p>\n<p>Una trentina di giovani ricercatori dell\u2019Universit\u00e0 di Bologna provenienti da diverse discipline si sono messi in gioco sia nella prima che nella seconda edizione del laboratorio. Lo scopo era illustrare il mondo della comunicazione e presentare tecniche di base per passare da un ristretto Abstract ad un vero articolo in cui descrivere in modo appropriato e comunicativo il contenuto delle loro ricerche. Ma con un metodo, appunto, capace di evidenziare i valori della ricerca agli occhi della societ\u00e0.<\/p>\n<p>Nel maggio 2022 Giovanni Caprara, presidente UGIS ed editorialista scientifico del Corriere della Sera, ha tenuto una lezione introduttiva alla quale \u00e8 seguita una specifica attivit\u00e0 di laboratorio gestita da Salvatore Giannella, giornalista scientifico e scrittore. Le dottorande ed i dottorandi hanno poi redatto un elaborato scritto esaminato e discusso con Salvatore Giannella. UGIS, d\u2019accordo con l\u2019Universit\u00e0 di Bologna, ha scelto quindi i primi sette lavori di altrettanti ricercatori per la pubblicazione nel sito UGIS. I testi scelti sono arricchiti dalle illustrazioni eseguite dal dottorando Stefano D\u2019Ambrosio.<\/p>\n<p>Nella primavera 2023 il laboratorio si \u00e8 ampliato coinvolgendo 6 giornalisti UGIS, 3 per le lezioni singole e 3 nel workshop suddiviso in due incontri e lavori di gruppo. Oltre alle lezioni di Giovanni Caprara, Giuseppe Nucera (comunicatore scientifico e multimedia producer) ed Elena Bauer (giornalista scientifica responsabile comunicazione scientifica ed eventi, Istituto Fondazione di Oncologia Molecolare ETS \u2013 IFOM) , il Workshop si \u00e8 concentrato in tre tipi di interventi sull\u2019arte del narrare le scienze &#8220;ai pi\u00f9 giovani&#8221;, &#8220;agli esperti&#8221;, e ai &#8220;curiosi per natura&#8221;, dove oltre a Salvatore Giannella si sono aggiunti i soci UGIS esperti di formazione Cristina Bellon (scrittrice e divulgatrice scientifica) ed Emilio Vitaliano (ingegnere e giornalista scientifico).<\/p>\n<p>A lla fine di un lavoro articolato di confronto con i giovani ricercatori e di un&#8217;attenta analisi sono stati selezionati nell&#8217;edizione 2023 da UGIS dieci testi di altrettanti ricercatori per la pubblicazione sul sito UGIS.<\/p>\n<p>Tutti i partecipanti hanno manifestato entusiasmo per l\u2019esperienza condotta, preziosa per imparare a diffondere i risultati delle loro ricerche. Questa \u00e8 oggi un\u2019azione indispensabile per partecipare a bandi di ricerca ma anche per trasferire al pubblico le conoscenze di un mondo scientifico e tecnologico in rapido sviluppo di cui la societ\u00e0 deve essere consapevole.<\/p>\n<p><span style=\"color: #2e6697;\">Per accedere alle pagine di ogni dottorando clicca le foto o i nomi relativi.<\/span><\/p>\n<p><span style=\"font-family: arial, sans-serif;\"><a href=\"https:\/\/ugis.it\/cms\/laboratorio-ugis-universita-di-bologna-uniboper-phd-storytelling-edizione-2023-lezioni-di-marzo-e-aprile\/\">Per accedere alla foto della seconda edizione 2023 <strong>clicca qui<\/strong>. <\/a><br \/>\n<\/span><\/p>\n<p>&nbsp;<\/p>\n<p><strong>EDIZIONE 2023<\/strong>[\/et_pb_text][\/et_pb_column][\/et_pb_row][et_pb_row column_structure=&#8221;1_5,1_5,1_5,1_5,1_5&#8243; admin_label=&#8221;row&#8221; _builder_version=&#8221;4.19.1&#8243; background_size=&#8221;initial&#8221; background_position=&#8221;top_left&#8221; background_repeat=&#8221;repeat&#8221; global_colors_info=&#8221;{}&#8221;][et_pb_column type=&#8221;1_5&#8243; _builder_version=&#8221;4.16&#8243; custom_padding=&#8221;|||&#8221; global_colors_info=&#8221;{}&#8221; custom_padding__hover=&#8221;|||&#8221;][et_pb_blurb title=&#8221;Flavio Valerio Alessi&#8221; url=&#8221;https:\/\/ugis.it\/cms\/flavio-valerio-alessi\/&#8221; image=&#8221;https:\/\/ugis.it\/cms\/wp-content\/uploads\/2023\/11\/Flavio-Valerio-Alessi-Dipartimento-di-Filosofia-e-Comunicazione.jpg&#8221; image_icon_width=&#8221;150px&#8221; admin_label=&#8221;Blurb&#8221; _builder_version=&#8221;4.19.1&#8243; header_font=&#8221;|on|||&#8221; header_text_color=&#8221;#2e6697&#8243; background_size=&#8221;initial&#8221; background_position=&#8221;top_left&#8221; background_repeat=&#8221;repeat&#8221; text_orientation=&#8221;center&#8221; use_border_color=&#8221;off&#8221; border_color=&#8221;#ffffff&#8221; border_style=&#8221;solid&#8221; image_max_width=&#8221;150px&#8221; global_colors_info=&#8221;{}&#8221;][\/et_pb_blurb][\/et_pb_column][et_pb_column type=&#8221;1_5&#8243; _builder_version=&#8221;4.16&#8243; custom_padding=&#8221;|||&#8221; global_colors_info=&#8221;{}&#8221; custom_padding__hover=&#8221;|||&#8221;][et_pb_blurb title=&#8221;Vasiliki Avramidi&#8221; url=&#8221;https:\/\/ugis.it\/cms\/vasiliki-avramidi\/&#8221; image=&#8221;https:\/\/ugis.it\/cms\/wp-content\/uploads\/2023\/11\/foto-Vasiliki-Avramidi-unibo.jpg&#8221; image_icon_width=&#8221;150px&#8221; admin_label=&#8221;Blurb&#8221; _builder_version=&#8221;4.19.1&#8243; header_font=&#8221;|on|||&#8221; header_text_color=&#8221;#2e6697&#8243; background_size=&#8221;initial&#8221; background_position=&#8221;top_left&#8221; background_repeat=&#8221;repeat&#8221; text_orientation=&#8221;center&#8221; use_border_color=&#8221;off&#8221; border_color=&#8221;#ffffff&#8221; border_style=&#8221;solid&#8221; image_max_width=&#8221;150px&#8221; global_colors_info=&#8221;{}&#8221;][\/et_pb_blurb][\/et_pb_column][et_pb_column type=&#8221;1_5&#8243; _builder_version=&#8221;4.16&#8243; custom_padding=&#8221;|||&#8221; global_colors_info=&#8221;{}&#8221; custom_padding__hover=&#8221;|||&#8221;][et_pb_blurb title=&#8221;Veronica Bruno &#8221; url=&#8221;https:\/\/ugis.it\/cms\/veronica-bruno\/&#8221; image=&#8221;https:\/\/ugis.it\/cms\/wp-content\/uploads\/2023\/11\/foto-veronica-bruno-unibo.png&#8221; image_icon_width=&#8221;150px&#8221; admin_label=&#8221;Blurb&#8221; _builder_version=&#8221;4.19.1&#8243; header_font=&#8221;|on|||&#8221; header_text_color=&#8221;#2e6697&#8243; background_size=&#8221;initial&#8221; background_position=&#8221;top_left&#8221; background_repeat=&#8221;repeat&#8221; text_orientation=&#8221;center&#8221; use_border_color=&#8221;off&#8221; border_color=&#8221;#ffffff&#8221; border_style=&#8221;solid&#8221; image_max_width=&#8221;150px&#8221; global_colors_info=&#8221;{}&#8221;][\/et_pb_blurb][\/et_pb_column][et_pb_column type=&#8221;1_5&#8243; _builder_version=&#8221;4.16&#8243; custom_padding=&#8221;|||&#8221; global_colors_info=&#8221;{}&#8221; custom_padding__hover=&#8221;|||&#8221;][et_pb_blurb title=&#8221;Diego Carli&#8221; url=&#8221;https:\/\/ugis.it\/cms\/diego-carli\/&#8221; image=&#8221;https:\/\/ugis.it\/cms\/wp-content\/uploads\/2023\/11\/foto-diego-carli-unibo.jpg&#8221; image_icon_width=&#8221;150px&#8221; admin_label=&#8221;Blurb&#8221; _builder_version=&#8221;4.19.1&#8243; header_font=&#8221;|on|||&#8221; header_text_color=&#8221;#2e6697&#8243; background_size=&#8221;initial&#8221; background_position=&#8221;top_left&#8221; background_repeat=&#8221;repeat&#8221; text_orientation=&#8221;center&#8221; use_border_color=&#8221;off&#8221; border_color=&#8221;#ffffff&#8221; border_style=&#8221;solid&#8221; image_max_width=&#8221;150px&#8221; global_colors_info=&#8221;{}&#8221;][\/et_pb_blurb][\/et_pb_column][et_pb_column type=&#8221;1_5&#8243; _builder_version=&#8221;4.16&#8243; custom_padding=&#8221;|||&#8221; global_colors_info=&#8221;{}&#8221; custom_padding__hover=&#8221;|||&#8221;][et_pb_blurb title=&#8221;Francesca De Lise&#8221; url=&#8221;https:\/\/ugis.it\/cms\/francesca-de-lise\/&#8221; image=&#8221;https:\/\/ugis.it\/cms\/wp-content\/uploads\/2023\/11\/foto-Francesca-De-Lise-unibo.jpg&#8221; image_icon_width=&#8221;150px&#8221; admin_label=&#8221;Blurb&#8221; _builder_version=&#8221;4.19.1&#8243; header_font=&#8221;|on|||&#8221; header_text_color=&#8221;#2e6697&#8243; background_size=&#8221;initial&#8221; background_position=&#8221;top_left&#8221; background_repeat=&#8221;repeat&#8221; text_orientation=&#8221;center&#8221; use_border_color=&#8221;off&#8221; border_color=&#8221;#ffffff&#8221; border_style=&#8221;solid&#8221; image_max_width=&#8221;150px&#8221; global_colors_info=&#8221;{}&#8221;][\/et_pb_blurb][\/et_pb_column][\/et_pb_row][et_pb_row column_structure=&#8221;1_5,1_5,1_5,1_5,1_5&#8243; admin_label=&#8221;row&#8221; _builder_version=&#8221;4.19.1&#8243; background_size=&#8221;initial&#8221; background_position=&#8221;top_left&#8221; background_repeat=&#8221;repeat&#8221; global_colors_info=&#8221;{}&#8221;][et_pb_column type=&#8221;1_5&#8243; _builder_version=&#8221;4.16&#8243; custom_padding=&#8221;|||&#8221; global_colors_info=&#8221;{}&#8221; custom_padding__hover=&#8221;|||&#8221;][et_pb_blurb title=&#8221;Simona De Zio&#8221; url=&#8221;https:\/\/ugis.it\/cms\/simona-de-zio\/&#8221; image=&#8221;https:\/\/ugis.it\/cms\/wp-content\/uploads\/2023\/11\/foto-simona-de-zio-unibo.jpg&#8221; image_icon_width=&#8221;150px&#8221; admin_label=&#8221;Blurb&#8221; _builder_version=&#8221;4.19.1&#8243; header_font=&#8221;|on|||&#8221; header_text_color=&#8221;#2e6697&#8243; background_size=&#8221;initial&#8221; background_position=&#8221;top_left&#8221; background_repeat=&#8221;repeat&#8221; text_orientation=&#8221;center&#8221; use_border_color=&#8221;off&#8221; border_color=&#8221;#ffffff&#8221; border_style=&#8221;solid&#8221; image_max_width=&#8221;150px&#8221; global_colors_info=&#8221;{}&#8221;][\/et_pb_blurb][\/et_pb_column][et_pb_column type=&#8221;1_5&#8243; _builder_version=&#8221;4.16&#8243; custom_padding=&#8221;|||&#8221; global_colors_info=&#8221;{}&#8221; custom_padding__hover=&#8221;|||&#8221;][et_pb_blurb title=&#8221;Filippo Martinini &#8221; url=&#8221;https:\/\/ugis.it\/cms\/filippo-martinini\/&#8221; image=&#8221;https:\/\/ugis.it\/cms\/wp-content\/uploads\/2023\/11\/foto-filippo-martinini-unibo.jpg&#8221; image_icon_width=&#8221;150px&#8221; admin_label=&#8221;Blurb&#8221; _builder_version=&#8221;4.19.1&#8243; header_font=&#8221;|on|||&#8221; header_text_color=&#8221;#2e6697&#8243; background_size=&#8221;initial&#8221; background_position=&#8221;top_left&#8221; background_repeat=&#8221;repeat&#8221; text_orientation=&#8221;center&#8221; use_border_color=&#8221;off&#8221; border_color=&#8221;#ffffff&#8221; border_style=&#8221;solid&#8221; image_max_width=&#8221;150px&#8221; global_colors_info=&#8221;{}&#8221;][\/et_pb_blurb][\/et_pb_column][et_pb_column type=&#8221;1_5&#8243; _builder_version=&#8221;4.16&#8243; custom_padding=&#8221;|||&#8221; global_colors_info=&#8221;{}&#8221; custom_padding__hover=&#8221;|||&#8221;][et_pb_blurb title=&#8221;Annalisa Plava &#8221; url=&#8221;https:\/\/ugis.it\/cms\/annalisa-plava\/&#8221; image=&#8221;https:\/\/ugis.it\/cms\/wp-content\/uploads\/2023\/11\/foto-Annalisa-Plava-unibo.jpg&#8221; image_icon_width=&#8221;150px&#8221; admin_label=&#8221;Blurb&#8221; _builder_version=&#8221;4.19.1&#8243; header_font=&#8221;|on|||&#8221; header_text_color=&#8221;#2e6697&#8243; background_size=&#8221;initial&#8221; background_position=&#8221;top_left&#8221; background_repeat=&#8221;repeat&#8221; text_orientation=&#8221;center&#8221; use_border_color=&#8221;off&#8221; border_color=&#8221;#ffffff&#8221; border_style=&#8221;solid&#8221; image_max_width=&#8221;150px&#8221; global_colors_info=&#8221;{}&#8221;][\/et_pb_blurb][\/et_pb_column][et_pb_column type=&#8221;1_5&#8243; _builder_version=&#8221;4.16&#8243; custom_padding=&#8221;|||&#8221; global_colors_info=&#8221;{}&#8221; custom_padding__hover=&#8221;|||&#8221;][et_pb_blurb title=&#8221;Michele Testa &#8221; url=&#8221;https:\/\/ugis.it\/cms\/michele-testa\/&#8221; image=&#8221;https:\/\/ugis.it\/cms\/wp-content\/uploads\/2023\/11\/foto-michele-testa-unibo.jpg&#8221; image_icon_width=&#8221;150px&#8221; admin_label=&#8221;Blurb&#8221; _builder_version=&#8221;4.19.1&#8243; header_font=&#8221;|on|||&#8221; header_text_color=&#8221;#2e6697&#8243; background_size=&#8221;initial&#8221; background_position=&#8221;top_left&#8221; background_repeat=&#8221;repeat&#8221; text_orientation=&#8221;center&#8221; use_border_color=&#8221;off&#8221; border_color=&#8221;#ffffff&#8221; border_style=&#8221;solid&#8221; image_max_width=&#8221;150px&#8221; global_colors_info=&#8221;{}&#8221;][\/et_pb_blurb][\/et_pb_column][et_pb_column type=&#8221;1_5&#8243; _builder_version=&#8221;4.16&#8243; custom_padding=&#8221;|||&#8221; global_colors_info=&#8221;{}&#8221; custom_padding__hover=&#8221;|||&#8221;][et_pb_blurb title=&#8221;Giulia Trappella &#8221; url=&#8221;https:\/\/ugis.it\/cms\/giulia-trappella\/&#8221; image=&#8221;https:\/\/ugis.it\/cms\/wp-content\/uploads\/2023\/11\/giulia-trappella-unibo.jpg&#8221; image_icon_width=&#8221;150px&#8221; admin_label=&#8221;Blurb&#8221; _builder_version=&#8221;4.19.1&#8243; header_font=&#8221;|on|||&#8221; header_text_color=&#8221;#2e6697&#8243; background_size=&#8221;initial&#8221; background_position=&#8221;top_left&#8221; background_repeat=&#8221;repeat&#8221; text_orientation=&#8221;center&#8221; hover_enabled=&#8221;0&#8243; use_border_color=&#8221;off&#8221; border_color=&#8221;#ffffff&#8221; border_style=&#8221;solid&#8221; image_max_width=&#8221;150px&#8221; global_colors_info=&#8221;{}&#8221; title_text=&#8221;giulia-trappella-unibo&#8221; sticky_enabled=&#8221;0&#8243;][\/et_pb_blurb][\/et_pb_column][\/et_pb_row][et_pb_row admin_label=&#8221;row&#8221; _builder_version=&#8221;4.17.4&#8243; background_size=&#8221;initial&#8221; background_position=&#8221;top_left&#8221; background_repeat=&#8221;repeat&#8221; global_colors_info=&#8221;{}&#8221;][et_pb_column type=&#8221;4_4&#8243; _builder_version=&#8221;4.16&#8243; custom_padding=&#8221;|||&#8221; global_colors_info=&#8221;{}&#8221; custom_padding__hover=&#8221;|||&#8221;][et_pb_text _builder_version=&#8221;4.19.1&#8243; _module_preset=&#8221;default&#8221; global_colors_info=&#8221;{}&#8221;]<a href=\"https:\/\/ugis.it\/cms\/laboratorio-ugis-universita-di-bologna\/\"><strong>&raquo; VEDI EDIZIONE 2022<\/strong><\/a>[\/et_pb_text][\/et_pb_column][\/et_pb_row][\/et_pb_section]<\/p>\n","protected":false},"excerpt":{"rendered":"<p>Laboratorio UGIS &#8211; Universit\u00e0 di Bologna UGIS &#8211; Unione Giornalisti Italiani Scientifici e l\u2019Universit\u00e0 di Bologna hanno avviato una collaborazione finalizzata alle dottorande e ai dottorandi per sensibilizzarli sull\u2019importanza di comunicare in maniera semplice ed efficace le loro ricerche. Ne \u00e8 quindi nata un\u2019esperienza concretizzata in una sorta di laboratorio sperimentale: @UniboPER\/PhD Storytelling. La rassegna [&hellip;]<\/p>\n","protected":false},"author":16,"featured_media":0,"parent":0,"menu_order":0,"comment_status":"closed","ping_status":"closed","template":"","meta":{"_et_pb_use_builder":"on","_et_pb_old_content":"","_et_gb_content_width":"","footnotes":""},"class_list":["post-1580056","page","type-page","status-publish","hentry"],"yoast_head":"<!-- This site is optimized with the Yoast SEO plugin v27.2 - https:\/\/yoast.com\/product\/yoast-seo-wordpress\/ -->\n<title>Laboratorio UGIS - Universit\u00e0 di Bologna - UGIS<\/title>\n<meta name=\"robots\" content=\"index, follow, max-snippet:-1, max-image-preview:large, max-video-preview:-1\" \/>\n<link rel=\"canonical\" href=\"https:\/\/ugis.it\/cms\/laboratorio-ugis-universita-di-bologna-2023\/\" \/>\n<meta property=\"og:locale\" content=\"it_IT\" \/>\n<meta property=\"og:type\" content=\"article\" \/>\n<meta property=\"og:title\" content=\"Laboratorio UGIS - Universit\u00e0 di Bologna - UGIS\" \/>\n<meta property=\"og:description\" content=\"Laboratorio UGIS - Universit\u00e0 di Bologna UGIS - Unione Giornalisti Italiani Scientifici e l\u2019Universit\u00e0 di Bologna hanno avviato una collaborazione finalizzata alle dottorande e ai dottorandi per sensibilizzarli sull\u2019importanza di comunicare in maniera semplice ed efficace le loro ricerche. Ne \u00e8 quindi nata un\u2019esperienza concretizzata in una sorta di laboratorio sperimentale: @UniboPER\/PhD Storytelling. La rassegna [&hellip;]\" \/>\n<meta property=\"og:url\" content=\"https:\/\/ugis.it\/cms\/laboratorio-ugis-universita-di-bologna-2023\/\" \/>\n<meta property=\"og:site_name\" content=\"UGIS\" \/>\n<meta property=\"article:modified_time\" content=\"2023-11-03T09:56:00+00:00\" \/>\n<meta name=\"twitter:card\" content=\"summary_large_image\" \/>\n<meta name=\"twitter:label1\" content=\"Tempo di lettura stimato\" \/>\n\t<meta name=\"twitter:data1\" content=\"8 minuti\" \/>\n<script type=\"application\/ld+json\" class=\"yoast-schema-graph\">{\"@context\":\"https:\/\/schema.org\",\"@graph\":[{\"@type\":\"WebPage\",\"@id\":\"https:\/\/ugis.it\/cms\/laboratorio-ugis-universita-di-bologna-2023\/\",\"url\":\"https:\/\/ugis.it\/cms\/laboratorio-ugis-universita-di-bologna-2023\/\",\"name\":\"Laboratorio UGIS - Universit\u00e0 di Bologna - UGIS\",\"isPartOf\":{\"@id\":\"https:\/\/ugis.it\/cms\/#website\"},\"datePublished\":\"2023-11-02T12:16:11+00:00\",\"dateModified\":\"2023-11-03T09:56:00+00:00\",\"breadcrumb\":{\"@id\":\"https:\/\/ugis.it\/cms\/laboratorio-ugis-universita-di-bologna-2023\/#breadcrumb\"},\"inLanguage\":\"it-IT\",\"potentialAction\":[{\"@type\":\"ReadAction\",\"target\":[\"https:\/\/ugis.it\/cms\/laboratorio-ugis-universita-di-bologna-2023\/\"]}]},{\"@type\":\"BreadcrumbList\",\"@id\":\"https:\/\/ugis.it\/cms\/laboratorio-ugis-universita-di-bologna-2023\/#breadcrumb\",\"itemListElement\":[{\"@type\":\"ListItem\",\"position\":1,\"name\":\"Home\",\"item\":\"https:\/\/ugis.it\/cms\/\"},{\"@type\":\"ListItem\",\"position\":2,\"name\":\"Laboratorio UGIS &#8211; Universit\u00e0 di Bologna\"}]},{\"@type\":\"WebSite\",\"@id\":\"https:\/\/ugis.it\/cms\/#website\",\"url\":\"https:\/\/ugis.it\/cms\/\",\"name\":\"UGIS\",\"description\":\"Unione Giornalisti Italiani Scientifici\",\"publisher\":{\"@id\":\"https:\/\/ugis.it\/cms\/#organization\"},\"potentialAction\":[{\"@type\":\"SearchAction\",\"target\":{\"@type\":\"EntryPoint\",\"urlTemplate\":\"https:\/\/ugis.it\/cms\/?s={search_term_string}\"},\"query-input\":{\"@type\":\"PropertyValueSpecification\",\"valueRequired\":true,\"valueName\":\"search_term_string\"}}],\"inLanguage\":\"it-IT\"},{\"@type\":\"Organization\",\"@id\":\"https:\/\/ugis.it\/cms\/#organization\",\"name\":\"UGIS\",\"url\":\"https:\/\/ugis.it\/cms\/\",\"logo\":{\"@type\":\"ImageObject\",\"inLanguage\":\"it-IT\",\"@id\":\"https:\/\/ugis.it\/cms\/#\/schema\/logo\/image\/\",\"url\":\"https:\/\/ugis.it\/cms\/wp-content\/uploads\/2015\/04\/logo-UGIS_colori.jpg\",\"contentUrl\":\"https:\/\/ugis.it\/cms\/wp-content\/uploads\/2015\/04\/logo-UGIS_colori.jpg\",\"width\":198,\"height\":91,\"caption\":\"UGIS\"},\"image\":{\"@id\":\"https:\/\/ugis.it\/cms\/#\/schema\/logo\/image\/\"}}]}<\/script>\n<!-- \/ Yoast SEO plugin. -->","yoast_head_json":{"title":"Laboratorio UGIS - Universit\u00e0 di Bologna - UGIS","robots":{"index":"index","follow":"follow","max-snippet":"max-snippet:-1","max-image-preview":"max-image-preview:large","max-video-preview":"max-video-preview:-1"},"canonical":"https:\/\/ugis.it\/cms\/laboratorio-ugis-universita-di-bologna-2023\/","og_locale":"it_IT","og_type":"article","og_title":"Laboratorio UGIS - Universit\u00e0 di Bologna - UGIS","og_description":"Laboratorio UGIS - Universit\u00e0 di Bologna UGIS - Unione Giornalisti Italiani Scientifici e l\u2019Universit\u00e0 di Bologna hanno avviato una collaborazione finalizzata alle dottorande e ai dottorandi per sensibilizzarli sull\u2019importanza di comunicare in maniera semplice ed efficace le loro ricerche. Ne \u00e8 quindi nata un\u2019esperienza concretizzata in una sorta di laboratorio sperimentale: @UniboPER\/PhD Storytelling. La rassegna [&hellip;]","og_url":"https:\/\/ugis.it\/cms\/laboratorio-ugis-universita-di-bologna-2023\/","og_site_name":"UGIS","article_modified_time":"2023-11-03T09:56:00+00:00","twitter_card":"summary_large_image","twitter_misc":{"Tempo di lettura stimato":"8 minuti"},"schema":{"@context":"https:\/\/schema.org","@graph":[{"@type":"WebPage","@id":"https:\/\/ugis.it\/cms\/laboratorio-ugis-universita-di-bologna-2023\/","url":"https:\/\/ugis.it\/cms\/laboratorio-ugis-universita-di-bologna-2023\/","name":"Laboratorio UGIS - Universit\u00e0 di Bologna - UGIS","isPartOf":{"@id":"https:\/\/ugis.it\/cms\/#website"},"datePublished":"2023-11-02T12:16:11+00:00","dateModified":"2023-11-03T09:56:00+00:00","breadcrumb":{"@id":"https:\/\/ugis.it\/cms\/laboratorio-ugis-universita-di-bologna-2023\/#breadcrumb"},"inLanguage":"it-IT","potentialAction":[{"@type":"ReadAction","target":["https:\/\/ugis.it\/cms\/laboratorio-ugis-universita-di-bologna-2023\/"]}]},{"@type":"BreadcrumbList","@id":"https:\/\/ugis.it\/cms\/laboratorio-ugis-universita-di-bologna-2023\/#breadcrumb","itemListElement":[{"@type":"ListItem","position":1,"name":"Home","item":"https:\/\/ugis.it\/cms\/"},{"@type":"ListItem","position":2,"name":"Laboratorio UGIS &#8211; Universit\u00e0 di Bologna"}]},{"@type":"WebSite","@id":"https:\/\/ugis.it\/cms\/#website","url":"https:\/\/ugis.it\/cms\/","name":"UGIS","description":"Unione Giornalisti Italiani Scientifici","publisher":{"@id":"https:\/\/ugis.it\/cms\/#organization"},"potentialAction":[{"@type":"SearchAction","target":{"@type":"EntryPoint","urlTemplate":"https:\/\/ugis.it\/cms\/?s={search_term_string}"},"query-input":{"@type":"PropertyValueSpecification","valueRequired":true,"valueName":"search_term_string"}}],"inLanguage":"it-IT"},{"@type":"Organization","@id":"https:\/\/ugis.it\/cms\/#organization","name":"UGIS","url":"https:\/\/ugis.it\/cms\/","logo":{"@type":"ImageObject","inLanguage":"it-IT","@id":"https:\/\/ugis.it\/cms\/#\/schema\/logo\/image\/","url":"https:\/\/ugis.it\/cms\/wp-content\/uploads\/2015\/04\/logo-UGIS_colori.jpg","contentUrl":"https:\/\/ugis.it\/cms\/wp-content\/uploads\/2015\/04\/logo-UGIS_colori.jpg","width":198,"height":91,"caption":"UGIS"},"image":{"@id":"https:\/\/ugis.it\/cms\/#\/schema\/logo\/image\/"}}]}},"_links":{"self":[{"href":"https:\/\/ugis.it\/cms\/wp-json\/wp\/v2\/pages\/1580056","targetHints":{"allow":["GET"]}}],"collection":[{"href":"https:\/\/ugis.it\/cms\/wp-json\/wp\/v2\/pages"}],"about":[{"href":"https:\/\/ugis.it\/cms\/wp-json\/wp\/v2\/types\/page"}],"author":[{"embeddable":true,"href":"https:\/\/ugis.it\/cms\/wp-json\/wp\/v2\/users\/16"}],"replies":[{"embeddable":true,"href":"https:\/\/ugis.it\/cms\/wp-json\/wp\/v2\/comments?post=1580056"}],"version-history":[{"count":0,"href":"https:\/\/ugis.it\/cms\/wp-json\/wp\/v2\/pages\/1580056\/revisions"}],"wp:attachment":[{"href":"https:\/\/ugis.it\/cms\/wp-json\/wp\/v2\/media?parent=1580056"}],"curies":[{"name":"wp","href":"https:\/\/api.w.org\/{rel}","templated":true}]}}